{"id":160,"date":"2024-03-04T14:19:19","date_gmt":"2024-03-04T12:19:19","guid":{"rendered":"https:\/\/hpa.itveljet.fi\/?page_id=160"},"modified":"2024-04-12T11:13:57","modified_gmt":"2024-04-12T09:13:57","slug":"palvelut","status":"publish","type":"page","link":"https:\/\/haapaniemenapteekki.fi\/?page_id=160","title":{"rendered":"Palvelut"},"content":{"rendered":"<p>[et_pb_section fb_built=&#8221;1&#8243; _builder_version=&#8221;4.23.1&#8243; _module_preset=&#8221;default&#8221; background_color=&#8221;rgba(244,244,244,0.91)&#8221; background_image=&#8221;https:\/\/haapaniemenapteekki.fi\/wp-content\/uploads\/2024\/01\/4391.png&#8221; background_blend=&#8221;soft-light&#8221; animation_style=&#8221;fade&#8221; global_colors_info=&#8221;{}&#8221;][et_pb_row disabled_on=&#8221;on|on|off&#8221; _builder_version=&#8221;4.24.3&#8243; _module_preset=&#8221;default&#8221; background_color=&#8221;#FFFFFF&#8221; background_enable_image=&#8221;off&#8221; width=&#8221;100%&#8221; max_width=&#8221;2233px&#8221; min_height=&#8221;100px&#8221; height=&#8221;799px&#8221; custom_margin=&#8221;-54px||20px||false|false&#8221; custom_padding=&#8221;171px|20px||20px|false|false&#8221; box_shadow_style=&#8221;preset1&#8243; global_colors_info=&#8221;{}&#8221;][et_pb_column type=&#8221;4_4&#8243; _builder_version=&#8221;4.23.1&#8243; _module_preset=&#8221;default&#8221; global_colors_info=&#8221;{}&#8221;][et_pb_slider disabled_on=&#8221;off|off|off&#8221; _builder_version=&#8221;4.24.3&#8243; _module_preset=&#8221;default&#8221; background_image=&#8221;https:\/\/haapaniemenapteekki.fi\/wp-content\/uploads\/2024\/01\/Taytekuva-2-scaled-e1709551720781.jpg&#8221; background_position=&#8221;top_left&#8221; width=&#8221;111%&#8221; max_width=&#8221;103%&#8221; height=&#8221;799px&#8221; custom_margin=&#8221;-170px|-1px||-24px|false|false&#8221; custom_padding=&#8221;130px|||||&#8221; hover_enabled=&#8221;0&#8243; header_text_shadow_style=&#8221;preset1&#8243; header_text_shadow_horizontal_length=&#8221;0.25em&#8221; global_colors_info=&#8221;{}&#8221; show_cta_on_mobile=&#8221;off&#8221; sticky_enabled=&#8221;0&#8243;][et_pb_slide heading=&#8221;Palvelut&#8221; use_text_overlay=&#8221;on&#8221; text_overlay_color=&#8221;rgba(148,148,148,0.72)&#8221; _builder_version=&#8221;4.23.1&#8243; _module_preset=&#8221;default&#8221; header_level=&#8221;h1&#8243; header_font=&#8221;Arial|800|||||||&#8221; header_text_color=&#8221;#FFFFFF&#8221; header_font_size=&#8221;81px&#8221; header_line_height=&#8221;1.7em&#8221; custom_padding=&#8221;117px|117px||114px|false|false&#8221; header_text_shadow_style=&#8221;preset3&#8243; header_text_shadow_blur_strength=&#8221;0.33em&#8221; global_colors_info=&#8221;{}&#8221; sticky_transition=&#8221;on&#8221;][\/et_pb_slide][\/et_pb_slider][\/et_pb_column][\/et_pb_row][et_pb_row _builder_version=&#8221;4.24.2&#8243; _module_preset=&#8221;default&#8221; background_color=&#8221;rgba(255,255,255,0.8)&#8221; min_height=&#8221;100px&#8221; custom_margin=&#8221;14px||25px||false|false&#8221; custom_padding=&#8221;|||16px|false|false&#8221; global_colors_info=&#8221;{}&#8221;][et_pb_column type=&#8221;4_4&#8243; _builder_version=&#8221;4.23.1&#8243; _module_preset=&#8221;default&#8221; global_colors_info=&#8221;{}&#8221;][et_pb_text _builder_version=&#8221;4.23.1&#8243; _module_preset=&#8221;default&#8221; text_font=&#8221;Arial||||||||&#8221; custom_margin=&#8221;|||14px||&#8221; global_colors_info=&#8221;{}&#8221;]<\/p>\n<h3>L\u00e4\u00e4kkeiden yhteisvaikutusten tarkastaminen<\/h3>\n<p>Tarkastamme kaikista meilt\u00e4 toimitetuista reseptil\u00e4\u00e4kkeist\u00e4 l\u00e4\u00e4kkeiden yhteisvaikutukset automaattisesti. <\/p>\n<h3>Reseptien uusiminen<\/h3>\n<p>Apteekkimme kautta saat uusittua s\u00e4hk\u00f6iset l\u00e4\u00e4kem\u00e4\u00e4r\u00e4yksesi vaivattomasti. Palveluista perimme reseptien uusimismaksun. Yli\u00a028 kuukautta vanhat s\u00e4hk\u00f6iset reseptit\u00a0sek\u00e4 kiireelliset ett\u00e4\u00a0yksityisill\u00e4 l\u00e4\u00e4k\u00e4riasemilla uusittavat reseptit hoidamme soittamalla. T\u00e4st\u00e4 palvelusta perimme puhelinmaksun.<\/p>\n<h3>Todistukset resepteist\u00e4 ulkomaanmatkaa varten<\/h3>\n<p>Voimme tulostaa englanninkielisen yhteenvetotulosteen ulkomaanmatkalle mukaan ottamistasi reseptil\u00e4\u00e4kkeist\u00e4. Schengen-alueelle matkustaessasi voimme t\u00e4ytt\u00e4\u00e4 sinulle Schengen-todistuksen, jos k\u00e4yt\u00f6ss\u00e4si on huumaus- tai psykotrooppisia aineita sis\u00e4lt\u00e4vi\u00e4 l\u00e4\u00e4kkeit\u00e4 (<a href=\"https:\/\/fimea.fi\/apteekit\/schengen-todistus\">Fimea<\/a>). Palvelusta perimme maksun.<\/p>\n<h3>Koneellinen annosjakelu<\/h3>\n<p>Apteekkimme kautta saat l\u00e4\u00e4kkeesi valmiiksi jaettuna 2 viikoksi kerrallaan annospusseihin. L\u00e4\u00e4kkeiden koneellinen annosjakelu sopii erityisesti i\u00e4kk\u00e4ille ihmisille, joilla on paljon l\u00e4\u00e4kkeit\u00e4 k\u00e4yt\u00f6ss\u00e4. Ennen annosjakeluun siirtymist\u00e4 asiakkaan l\u00e4\u00e4kitys tarkastetaan annosjakeluun sopivaksi yhteisty\u00f6ss\u00e4 l\u00e4\u00e4k\u00e4rin kanssa. Koneellisesta annosjakelusta perimme palkkion.<\/p>\n<h3>L\u00e4\u00e4kityksen tarkistuspalvelu<\/h3>\n<p>L\u00e4\u00e4kityksen tarkistuspalvelussa selvitet\u00e4\u00e4n asiakkaan kokonaisl\u00e4\u00e4kitys ja tarkistetaan ep\u00e4tarkoituksenmukaiset p\u00e4\u00e4llekk\u00e4isyydet ja yhteensopimattomuudet. Lis\u00e4ksi varmistetaan l\u00e4\u00e4kkeiden oikeat ottoajankohdat ja soveltuvuus i\u00e4kk\u00e4ille. Asiakas saa tarkistuksesta kirjallisen yhteenvedon. Tarkistuspalvelusta perimme maksun.<\/p>\n<h3>Astma-, diabetes-, ja syd\u00e4nyhdyshenkil\u00f6<\/h3>\n<p>Pid\u00e4mme huolta henkil\u00f6kuntamme ammattiosaamisesta ja kouluttautumisesta. Apteekistamme l\u00f6ytyy astman, diabeteksen ja syd\u00e4ntautien ennaltaehk\u00e4isyyn ja l\u00e4\u00e4kehoitoon erityisesti perehtyneet farmaseutit.<\/p>\n<h3>Tiliasiakkuus<\/h3>\n<p>Tili voi olla asiakkailla, joille esim. kotihoitopalvelu hakee l\u00e4\u00e4kkeit\u00e4 useamman kerran kuukaudessa. Kuukauden aikana toimitetut tuotteet laskutetaan kerrallaan seuraavan kuun alussa ja lasku l\u00e4hetet\u00e4\u00e4n joko asiakkaan kotiin, jollekin omaiselle tai suoraan pankkiin. Palvelusta perimme tilinhoitomaksun.<\/p>\n<h3>L\u00e4\u00e4kej\u00e4tteet<\/h3>\n<p>Apteekkimme ottaa vastaan kotitalouksien l\u00e4\u00e4kej\u00e4tteit\u00e4 veloituksetta. Tyhj\u00e4t l\u00e4\u00e4kepakkaukset ja vitamiinit yms. eiv\u00e4t ole l\u00e4\u00e4kej\u00e4tteit\u00e4, joten ne voi laittaa tavallisiin talousj\u00e4teastioihin. Tabletit ja kapselit tulisi palauttaa apteekkiin irrallisina, l\u00e4pin\u00e4kyv\u00e4\u00e4n pussiin pakattuina. Jodipitoiset l\u00e4\u00e4kkeet, solunsalpaajat, elohopeaa sis\u00e4lt\u00e4v\u00e4t tuotteet ja injektioneulat tulisi palauttaa kukin omissa pakkauksissaan erill\u00e4\u00e4n tableteista ja kapseleista. Nestem\u00e4iset l\u00e4\u00e4kkeet, voiteet ja suihkepullot tulisi palauttaa alkuper\u00e4isiss\u00e4 pakkauksissa.<\/p>\n<p>[\/et_pb_text][\/et_pb_column][\/et_pb_row][\/et_pb_section]<\/p>\n","protected":false},"excerpt":{"rendered":"<p>L\u00e4\u00e4kkeiden yhteisvaikutusten tarkastaminen Tarkastamme kaikista meilt\u00e4 toimitetuista reseptil\u00e4\u00e4kkeist\u00e4 l\u00e4\u00e4kkeiden yhteisvaikutukset automaattisesti. Reseptien uusiminen Apteekkimme kautta saat uusittua s\u00e4hk\u00f6iset l\u00e4\u00e4kem\u00e4\u00e4r\u00e4yksesi vaivattomasti. Palveluista perimme reseptien uusimismaksun. Yli\u00a028 kuukautta vanhat s\u00e4hk\u00f6iset reseptit\u00a0sek\u00e4 kiireelliset ett\u00e4\u00a0yksityisill\u00e4 l\u00e4\u00e4k\u00e4riasemilla uusittavat reseptit hoidamme soittamalla. T\u00e4st\u00e4 palvelusta perimme puhelinmaksun. Todistukset resepteist\u00e4 ulkomaanmatkaa varten Voimme tulostaa englanninkielisen yhteenvetotulosteen ulkomaanmatkalle mukaan ottamistasi reseptil\u00e4\u00e4kkeist\u00e4. Schengen-alueelle matkustaessasi voimme [&hellip;]<\/p>\n","protected":false},"author":2,"featured_media":0,"parent":0,"menu_order":0,"comment_status":"closed","ping_status":"closed","template":"","meta":{"_et_pb_use_builder":"on","_et_pb_old_content":"","_et_gb_content_width":"","footnotes":""},"class_list":["post-160","page","type-page","status-publish","hentry"],"_links":{"self":[{"href":"https:\/\/haapaniemenapteekki.fi\/index.php?rest_route=\/wp\/v2\/pages\/160","targetHints":{"allow":["GET"]}}],"collection":[{"href":"https:\/\/haapaniemenapteekki.fi\/index.php?rest_route=\/wp\/v2\/pages"}],"about":[{"href":"https:\/\/haapaniemenapteekki.fi\/index.php?rest_route=\/wp\/v2\/types\/page"}],"author":[{"embeddable":true,"href":"https:\/\/haapaniemenapteekki.fi\/index.php?rest_route=\/wp\/v2\/users\/2"}],"replies":[{"embeddable":true,"href":"https:\/\/haapaniemenapteekki.fi\/index.php?rest_route=%2Fwp%2Fv2%2Fcomments&post=160"}],"version-history":[{"count":25,"href":"https:\/\/haapaniemenapteekki.fi\/index.php?rest_route=\/wp\/v2\/pages\/160\/revisions"}],"predecessor-version":[{"id":248,"href":"https:\/\/haapaniemenapteekki.fi\/index.php?rest_route=\/wp\/v2\/pages\/160\/revisions\/248"}],"wp:attachment":[{"href":"https:\/\/haapaniemenapteekki.fi\/index.php?rest_route=%2Fwp%2Fv2%2Fmedia&parent=160"}],"curies":[{"name":"wp","href":"https:\/\/api.w.org\/{rel}","templated":true}]}}