{"id":12,"date":"2023-11-14T11:47:27","date_gmt":"2023-11-14T11:47:27","guid":{"rendered":"https:\/\/hpa.itveljet.fi\/?page_id=12"},"modified":"2026-04-30T10:05:54","modified_gmt":"2026-04-30T08:05:54","slug":"12-2","status":"publish","type":"page","link":"https:\/\/haapaniemenapteekki.fi\/","title":{"rendered":"Haapaniemen Apteekki"},"content":{"rendered":"<p>[et_pb_section fb_built=&#8221;1&#8243; fullwidth=&#8221;on&#8221; _builder_version=&#8221;4.22.2&#8243; _module_preset=&#8221;default&#8221; global_colors_info=&#8221;{}&#8221;][et_pb_fullwidth_slider show_cta_on_mobile=&#8221;off&#8221; use_bg_overlay=&#8221;off&#8221; arrows_custom_color=&#8221;#000000&#8243; dot_nav_custom_color=&#8221;gcid-f50c98e2-39d1-42a3-af00-edf8f1405541&#8243; disabled_on=&#8221;on|on|off&#8221; _builder_version=&#8221;4.27.4&#8243; _module_preset=&#8221;default&#8221; custom_button=&#8221;on&#8221; button_bg_color=&#8221;rgba(71,71,71,0.4)&#8221; button_border_width=&#8221;0px&#8221; height=&#8221;800px&#8221; custom_margin=&#8221;||0px|||&#8221; custom_padding=&#8221;154px|||||false&#8221; animation_style=&#8221;fade&#8221; auto=&#8221;on&#8221; auto_speed=&#8221;10000&#8243; hover_enabled=&#8221;0&#8243; overflow-y_last_edited=&#8221;off|desktop&#8221; button_text_shadow_style=&#8221;preset3&#8243; button_text_shadow_horizontal_length=&#8221;-0.08em&#8221; button_text_shadow_vertical_length=&#8221;-0.06em&#8221; button_text_shadow_blur_strength=&#8221;0.24em&#8221; button_text_shadow_color=&#8221;rgba(0,0,0,0.36)&#8221; text_shadow_style=&#8221;preset2&#8243; text_shadow_color=&#8221;#000000&#8243; global_colors_info=&#8221;{%22gcid-f50c98e2-39d1-42a3-af00-edf8f1405541%22:%91%22dot_nav_custom_color%22%93}&#8221; sticky_enabled=&#8221;0&#8243;][et_pb_slide heading=&#8221;Haapaniemen apteekki&#8221; use_bg_overlay=&#8221;on&#8221; bg_overlay_color=&#8221;rgba(255,255,255,0.18)&#8221; use_text_overlay=&#8221;on&#8221; text_overlay_color=&#8221;rgba(148,148,148,0.84)&#8221; arrows_custom_color=&#8221;gcid-e9665942-2c3b-4892-b27f-6efff3f95c73&#8243; dot_nav_custom_color=&#8221;gcid-f50c98e2-39d1-42a3-af00-edf8f1405541&#8243; text_border_radius=&#8221;0px&#8221; _builder_version=&#8221;4.23.1&#8243; _module_preset=&#8221;default&#8221; header_level=&#8221;h1&#8243; header_font=&#8221;Arial|800|||||||&#8221; header_text_color=&#8221;#FFFFFF&#8221; header_font_size=&#8221;81px&#8221; header_letter_spacing=&#8221;0px&#8221; header_line_height=&#8221;1.7em&#8221; body_font=&#8221;Arial|800|||||||&#8221; body_text_color=&#8221;#FFFFFF&#8221; body_font_size=&#8221;30px&#8221; body_line_height=&#8221;1em&#8221; background_image=&#8221;https:\/\/haapaniemenapteekki.fi\/wp-content\/uploads\/2023\/11\/Ryhmakuva-2.3-scaled.jpg&#8221; background_enable_image=&#8221;on&#8221; parallax=&#8221;on&#8221; background_layout=&#8221;light&#8221; width=&#8221;100%&#8221; custom_padding=&#8221;153px||||false|false&#8221; header_text_shadow_style=&#8221;preset3&#8243; body_text_shadow_style=&#8221;preset3&#8243; global_colors_info=&#8221;{%22gcid-e9665942-2c3b-4892-b27f-6efff3f95c73%22:%91%22arrows_custom_color%22%93,%22gcid-f50c98e2-39d1-42a3-af00-edf8f1405541%22:%91%22dot_nav_custom_color%22%93}&#8221; sticky_transition=&#8221;on&#8221;]<\/p>\n<p>Asiantuntevaa, ihmisl\u00e4heist\u00e4 ja nopeaa palvelua<\/p>\n<p>[\/et_pb_slide][et_pb_slide use_bg_overlay=&#8221;on&#8221; bg_overlay_color=&#8221;rgba(255,255,255,0.68)&#8221; use_text_overlay=&#8221;off&#8221; arrows_custom_color=&#8221;gcid-e9665942-2c3b-4892-b27f-6efff3f95c73&#8243; dot_nav_custom_color=&#8221;gcid-f50c98e2-39d1-42a3-af00-edf8f1405541&#8243; _builder_version=&#8221;4.27.4&#8243; _module_preset=&#8221;default&#8221; header_level=&#8221;h1&#8243; header_font=&#8221;Arial||||||||&#8221; header_text_align=&#8221;right&#8221; header_text_color=&#8221;#FFFFFF&#8221; header_font_size=&#8221;1px&#8221; body_font=&#8221;Arial|700|||||||&#8221; body_text_align=&#8221;right&#8221; body_text_color=&#8221;RGBA(255,255,255,0)&#8221; body_font_size=&#8221;1px&#8221; body_line_height=&#8221;1em&#8221; background_image=&#8221;https:\/\/haapaniemenapteekki.fi\/wp-content\/uploads\/2024\/01\/Uusin-asiakaslehtemme-scaled.jpg&#8221; background_enable_image=&#8221;on&#8221; parallax=&#8221;on&#8221; button_alignment=&#8221;right&#8221; transform_origin=&#8221;50%|58%&#8221; text_orientation=&#8221;right&#8221; width=&#8221;100%&#8221; max_width=&#8221;100%&#8221; custom_padding=&#8221;0px|0px|0px|0px|false|false&#8221; header_text_shadow_style=&#8221;preset3&#8243; header_text_shadow_blur_strength=&#8221;0em&#8221; header_text_shadow_color=&#8221;#2EB135&#8243; body_text_shadow_style=&#8221;preset3&#8243; body_text_shadow_horizontal_length=&#8221;-0.22em&#8221; body_text_shadow_vertical_length=&#8221;-0.14em&#8221; body_text_shadow_blur_strength=&#8221;0.31em&#8221; body_text_shadow_color=&#8221;RGBA(255,255,255,0)&#8221; global_colors_info=&#8221;{%22gcid-e9665942-2c3b-4892-b27f-6efff3f95c73%22:%91%22arrows_custom_color%22%93,%22gcid-f50c98e2-39d1-42a3-af00-edf8f1405541%22:%91%22dot_nav_custom_color%22%93}&#8221; image__hover_enabled=&#8221;off|desktop&#8221; sticky_transition=&#8221;on&#8221;]<\/p>\n<p><img loading=\"lazy\" decoding=\"async\" src=\"https:\/\/haapaniemenapteekki.fi\/wp-content\/uploads\/2026\/03\/Partnerilmoitusten-alapalkit-apteekki-90x20-102021-paino-1.jpg\" width=\"1127\" height=\"308\" alt=\"\" class=\"wp-image-509 aligncenter size-full\" srcset=\"https:\/\/haapaniemenapteekki.fi\/wp-content\/uploads\/2026\/03\/Partnerilmoitusten-alapalkit-apteekki-90x20-102021-paino-1.jpg 1127w, https:\/\/haapaniemenapteekki.fi\/wp-content\/uploads\/2026\/03\/Partnerilmoitusten-alapalkit-apteekki-90x20-102021-paino-1-980x268.jpg 980w, https:\/\/haapaniemenapteekki.fi\/wp-content\/uploads\/2026\/03\/Partnerilmoitusten-alapalkit-apteekki-90x20-102021-paino-1-480x131.jpg 480w\" sizes=\"(min-width: 0px) and (max-width: 480px) 480px, (min-width: 481px) and (max-width: 980px) 980px, (min-width: 981px) 1127px, 100vw\" \/><\/p>\n<p>[\/et_pb_slide][et_pb_slide heading=&#8221;Asiakaslehti&#8221; button_text=&#8221;Lue uusin asiakaslehtemme&#8221; button_link=&#8221;https:\/\/indd.adobe.com\/view\/83767bab-58db-4831-a551-0a078dd85109&#8243; url_new_window=&#8221;on&#8221; image=&#8221;https:\/\/haapaniemenapteekki.fi\/wp-content\/uploads\/2026\/04\/Toukotarjoukset-SOME10.png&#8221; use_bg_overlay=&#8221;off&#8221; use_text_overlay=&#8221;off&#8221; arrows_custom_color=&#8221;#000000&#8243; dot_nav_custom_color=&#8221;#000000&#8243; _builder_version=&#8221;4.27.4&#8243; _module_preset=&#8221;default&#8221; header_font=&#8221;Arial|800|||||||&#8221; header_text_align=&#8221;left&#8221; header_text_color=&#8221;#FFFFFF&#8221; background_color=&#8221;RGBA(255,255,255,0)&#8221; background_enable_color=&#8221;on&#8221; use_background_color_gradient=&#8221;on&#8221; background_color_gradient_direction=&#8221;90deg&#8221; background_color_gradient_stops=&#8221;#71ca76 0%|#ffffff 100%&#8221; background_enable_image=&#8221;off&#8221; custom_button=&#8221;on&#8221; button_text_size=&#8221;28px&#8221; button_text_color=&#8221;#FFFFFF&#8221; button_bg_color=&#8221;rgba(71,71,71,0.58)&#8221; button_font=&#8221;Arial|700|||||||&#8221; button_icon_color=&#8221;#6B6B6B&#8221; background_layout=&#8221;light&#8221; custom_padding=&#8221;|0px|||false|false&#8221; link_option_url_new_window=&#8221;on&#8221; hover_enabled=&#8221;0&#8243; header_text_shadow_style=&#8221;preset3&#8243; header_text_shadow_blur_strength=&#8221;0.26em&#8221; border_color_all_image=&#8221;#FFFFFF&#8221; button_text_shadow_style=&#8221;preset3&#8243; button_text_shadow_horizontal_length=&#8221;0.04em&#8221; button_text_shadow_vertical_length=&#8221;0.07em&#8221; button_text_shadow_blur_strength=&#8221;0.29em&#8221; button_text_shadow_color=&#8221;rgba(0,0,0,0.18)&#8221; box_shadow_style_image=&#8221;preset1&#8243; global_colors_info=&#8221;{}&#8221; sticky_transition=&#8221;on&#8221; title_text=&#8221;Toukotarjoukset SOME10&#8243; sticky_enabled=&#8221;0&#8243;][\/et_pb_slide][et_pb_slide heading=&#8221;Apteekkikosmetiikka&#8221; use_bg_overlay=&#8221;on&#8221; bg_overlay_color=&#8221;rgba(255,255,255,0.2)&#8221; use_text_overlay=&#8221;on&#8221; text_overlay_color=&#8221;rgba(148,148,148,0.86)&#8221; arrows_custom_color=&#8221;gcid-e9665942-2c3b-4892-b27f-6efff3f95c73&#8243; dot_nav_custom_color=&#8221;gcid-f50c98e2-39d1-42a3-af00-edf8f1405541&#8243; text_border_radius=&#8221;0px&#8221; _builder_version=&#8221;4.27.4&#8243; _module_preset=&#8221;default&#8221; header_font=&#8221;Arial|800|||||||&#8221; header_text_color=&#8221;#FFFFFF&#8221; header_font_size=&#8221;81px&#8221; header_line_height=&#8221;1.7em&#8221; body_font=&#8221;Arial|700|||||||&#8221; body_text_color=&#8221;#FFFFFF&#8221; body_font_size=&#8221;30px&#8221; background_image=&#8221;https:\/\/haapaniemenapteekki.fi\/wp-content\/uploads\/2024\/01\/Taytekuva-3-scaled.jpg&#8221; background_enable_image=&#8221;on&#8221; parallax=&#8221;on&#8221; background_layout=&#8221;light&#8221; header_text_shadow_style=&#8221;preset3&#8243; header_text_shadow_blur_strength=&#8221;0.26em&#8221; header_text_shadow_color=&#8221;rgba(0,0,0,0.21)&#8221; body_text_shadow_style=&#8221;preset3&#8243; body_text_shadow_color=&#8221;rgba(0,0,0,0.2)&#8221; text_shadow_style=&#8221;preset3&#8243; text_shadow_blur_strength=&#8221;0em&#8221; global_colors_info=&#8221;{%22gcid-e9665942-2c3b-4892-b27f-6efff3f95c73%22:%91%22arrows_custom_color%22%93,%22gcid-f50c98e2-39d1-42a3-af00-edf8f1405541%22:%91%22dot_nav_custom_color%22%93}&#8221; sticky_transition=&#8221;on&#8221;]<\/p>\n<p>Valikoimiimme kuuluu mm. ACO, Av\u00e8ne, CeraVe, Favora, La Roche-Posay ja Vichy<\/p>\n<p>[\/et_pb_slide][et_pb_slide button_text=&#8221;Ota yhteytt\u00e4!&#8221; button_link=&#8221;@ET-DC@eyJkeW5hbWljIjp0cnVlLCJjb250ZW50IjoicG9zdF9saW5rX3VybF9wYWdlIiwic2V0dGluZ3MiOnsicG9zdF9pZCI6IjQ2In19@&#8221; use_bg_overlay=&#8221;on&#8221; bg_overlay_color=&#8221;rgba(255,255,255,0.1)&#8221; _builder_version=&#8221;4.26.0&#8243; _dynamic_attributes=&#8221;button_link&#8221; _module_preset=&#8221;default&#8221; header_level=&#8221;h2&#8243; background_image=&#8221;https:\/\/haapaniemenapteekki.fi\/wp-content\/uploads\/2024\/01\/Ryhmakuva-1.1-scaled-e1723801550950.jpg&#8221; background_enable_image=&#8221;on&#8221; background_position=&#8221;top_left&#8221; background_vertical_offset=&#8221;10%&#8221; custom_button=&#8221;on&#8221; button_text_size=&#8221;71px&#8221; button_bg_color=&#8221;rgba(143,143,143,0.79)&#8221; button_font=&#8221;Arial|800|||||||&#8221; transform_translate=&#8221;0px|-18px&#8221; custom_padding=&#8221;0px||120px|80px|false|false&#8221; global_colors_info=&#8221;{}&#8221; sticky_transition=&#8221;on&#8221;][\/et_pb_slide][\/et_pb_fullwidth_slider][\/et_pb_section][et_pb_section fb_built=&#8221;1&#8243; _builder_version=&#8221;4.23.1&#8243; _module_preset=&#8221;default&#8221; background_color=&#8221;rgba(244,244,244,0.91)&#8221; background_image=&#8221;https:\/\/haapaniemenapteekki.fi\/wp-content\/uploads\/2024\/01\/4391.png&#8221; background_blend=&#8221;soft-light&#8221; global_colors_info=&#8221;{}&#8221;][et_pb_row column_structure=&#8221;1_3,1_3,1_3&#8243; _builder_version=&#8221;4.24.2&#8243; _module_preset=&#8221;default&#8221; background_color=&#8221;rgba(255,255,255,0.8)&#8221; min_height=&#8221;165px&#8221; custom_margin=&#8221;-30px||20px||false|false&#8221; custom_padding=&#8221;|10px|0px|10px|false|true&#8221; box_shadow_style=&#8221;preset1&#8243; box_shadow_color=&#8221;#E0E0E0&#8243; global_colors_info=&#8221;{}&#8221;][et_pb_column type=&#8221;1_3&#8243; _builder_version=&#8221;4.23.1&#8243; _module_preset=&#8221;default&#8221; global_colors_info=&#8221;{}&#8221;][et_pb_icon font_icon=&#8221;&#xe01d;||divi||400&#8243; icon_color=&#8221;#71CA76&#8243; icon_width=&#8221;66px&#8221; _builder_version=&#8221;4.23.1&#8243; _module_preset=&#8221;default&#8221; custom_margin=&#8221;14px||-8px||false|false&#8221; custom_padding=&#8221;||0px||false|false&#8221; global_colors_info=&#8221;{}&#8221;][\/et_pb_icon][et_pb_text _builder_version=&#8221;4.23.1&#8243; _module_preset=&#8221;default&#8221; custom_margin=&#8221;13px||-3px||false|false&#8221; global_colors_info=&#8221;{}&#8221;]<\/p>\n<p style=\"text-align: center;\"><strong>Haapaniemen apteekki Ykk\u00f6srastilla<\/strong><br \/><strong>Tasavallankatu 26, 70620 Kuopio<\/strong><\/p>\n<p>[\/et_pb_text][\/et_pb_column][et_pb_column type=&#8221;1_3&#8243; _builder_version=&#8221;4.23.1&#8243; _module_preset=&#8221;default&#8221; global_colors_info=&#8221;{}&#8221;][et_pb_icon font_icon=&#8221;&#xf073;||fa||400&#8243; icon_color=&#8221;#71CA76&#8243; _builder_version=&#8221;4.23.1&#8243; _module_preset=&#8221;default&#8221; transform_scale=&#8221;60%|60%&#8221; custom_margin=&#8221;||-8px||false|false&#8221; global_colors_info=&#8221;{}&#8221;][\/et_pb_icon][et_pb_text _builder_version=&#8221;4.27.4&#8243; _module_preset=&#8221;default&#8221; text_orientation=&#8221;center&#8221; global_colors_info=&#8221;{}&#8221;]<\/p>\n<p style=\"text-align: center;\"><span><strong><span style=\"text-decoration: underline;\">Apteekkimme palvelee<\/span><br \/><\/strong><\/span><span><strong><\/strong><\/span><span><strong>Arkisin klo 9-19<br \/><\/strong><\/span><span><strong>Lauantaisin klo 9-17<br \/><\/strong><\/span><span><strong><\/strong><\/span><span><strong>Sunnuntaisin suljettu<\/strong><\/span><\/p>\n<p><strong> <\/strong><\/p>\n<p><strong><span style=\"text-decoration: underline;\">Poikkeusaukioloajat<\/span><br \/>Vappup\u00e4iv\u00e4 1.5. suljettu<br \/>Helatorstai 14.5. suljettu<\/strong><\/p>\n<p style=\"text-align: center;\"><span><strong><\/strong><\/span><\/p>\n<p style=\"text-align: center;\"><span><strong><\/strong><\/span><\/p>\n<p style=\"text-align: center;\"><span><strong><\/strong><\/span><\/p>\n<p>[\/et_pb_text][\/et_pb_column][et_pb_column type=&#8221;1_3&#8243; _builder_version=&#8221;4.23.1&#8243; _module_preset=&#8221;default&#8221; global_colors_info=&#8221;{}&#8221;][et_pb_image src=&#8221;https:\/\/haapaniemenapteekki.fi\/wp-content\/uploads\/2024\/03\/Laatuapteekit-logo-300&#215;92.png&#8221; title_text=&#8221;Laatuapteekit-logo&#8221; url=&#8221;https:\/\/laatuapteekit.fi\/&#8221; url_new_window=&#8221;on&#8221; _builder_version=&#8221;4.27.4&#8243; _module_preset=&#8221;default&#8221; custom_margin=&#8221;12px||0px||false|false&#8221; global_colors_info=&#8221;{}&#8221;][\/et_pb_image][et_pb_image src=&#8221;https:\/\/haapaniemenapteekki.fi\/wp-content\/uploads\/2024\/03\/LiikkujanApteekki_logo_rgb-281&#215;300.png&#8221; title_text=&#8221;LiikkujanApteekki_logo_rgb&#8221; url=&#8221;https:\/\/liikkujanapteekit.fi\/&#8221; url_new_window=&#8221;on&#8221; align=&#8221;center&#8221; _builder_version=&#8221;4.27.4&#8243; _module_preset=&#8221;default&#8221; transform_scale=&#8221;80%|80%&#8221; min_height=&#8221;100px&#8221; height=&#8221;135px&#8221; custom_margin=&#8221;-1px||4px||false|false&#8221; custom_padding=&#8221;||4px||false|false&#8221; global_colors_info=&#8221;{}&#8221;][\/et_pb_image][et_pb_image src=&#8221;https:\/\/haapaniemenapteekki.fi\/wp-content\/uploads\/2025\/10\/oiva.png&#8221; title_text=&#8221;oiva&#8221; url=&#8221;https:\/\/www.oivahymy.fi\/api\/raportti\/237986&#8243; url_new_window=&#8221;on&#8221; align=&#8221;center&#8221; force_fullwidth=&#8221;on&#8221; _builder_version=&#8221;4.27.4&#8243; _module_preset=&#8221;default&#8221; transform_scale=&#8221;26%|26%&#8221; min_height=&#8221;100px&#8221; height=&#8221;135px&#8221; custom_margin=&#8221;-57px||4px||false|false&#8221; custom_padding=&#8221;||4px||false|false&#8221; global_colors_info=&#8221;{}&#8221;][\/et_pb_image][\/et_pb_column][\/et_pb_row][et_pb_row column_structure=&#8221;1_2,1_2&#8243; _builder_version=&#8221;4.26.0&#8243; _module_preset=&#8221;default&#8221; background_color=&#8221;rgba(255,255,255,0.8)&#8221; min_height=&#8221;453.4px&#8221; custom_margin=&#8221;||20px||false|false&#8221; custom_padding=&#8221;|20px||20px|false|false&#8221; box_shadow_style=&#8221;preset1&#8243; box_shadow_color=&#8221;#E0E0E0&#8243; global_colors_info=&#8221;{}&#8221;][et_pb_column type=&#8221;1_2&#8243; _builder_version=&#8221;4.22.2&#8243; _module_preset=&#8221;default&#8221; global_colors_info=&#8221;{}&#8221;][et_pb_text _builder_version=&#8221;4.23.1&#8243; _module_preset=&#8221;default&#8221; width=&#8221;100%&#8221; custom_padding=&#8221;|||0px||&#8221; global_colors_info=&#8221;{}&#8221;]<\/p>\n<h1>YHTEYSTIEDOT<\/h1>\n<p class=\"ingress\">Apteekkimme palvelee Kuopion Haapaniemell\u00e4 osoitteessa Tasavallankatu 26, S-Market Ykk\u00f6srastin tiloissa. Apteekin vieress\u00e4 on runsaasti ilmaista pys\u00e4k\u00f6intitilaa. K\u00e4ynti apteekkiin Ykk\u00f6srastin p\u00e4\u00e4ovien kautta.<\/p>\n<h3>Haapaniemen Apteekki<\/h3>\n<p>Tasavallankatu 26, 70620 Kuopio<\/p>\n<p><strong>Puhelin<span><br \/><\/span><\/strong>(laskennallinen perushinta 0,084 \u20ac\/min)<br \/>Asiakkaat: <a href=\"tel:+358172624214\">017 262 4214<\/a><br \/>Annosjakelu: <a href=\"tel:+358403588689\">040 358 8689<\/a><br \/>L\u00e4\u00e4k\u00e4rit: <a href=\"tel:+358172613275\">017 261 3275<\/a><\/p>\n<p><strong>S\u00e4hk\u00f6posti<\/strong><br \/>asiakaspalvelu(at)haapaniemenapteekki.fi<\/p>\n<p>[\/et_pb_text][\/et_pb_column][et_pb_column type=&#8221;1_2&#8243; _builder_version=&#8221;4.22.2&#8243; _module_preset=&#8221;default&#8221; global_colors_info=&#8221;{}&#8221;][et_pb_button button_url=&#8221;https:\/\/indd.adobe.com\/view\/83767bab-58db-4831-a551-0a078dd85109&#8243; url_new_window=&#8221;on&#8221; button_text=&#8221;Lue uusin asiakaslehtemme t\u00e4st\u00e4&#8221; button_alignment=&#8221;center&#8221; _builder_version=&#8221;4.27.4&#8243; _module_preset=&#8221;default&#8221; custom_button=&#8221;on&#8221; button_text_size=&#8221;17px&#8221; button_bg_color=&#8221;#FFFFFF&#8221; custom_margin=&#8221;15px||47px||false|false&#8221; custom_padding=&#8221;||3px|||&#8221; hover_enabled=&#8221;0&#8243; box_shadow_style=&#8221;preset1&#8243; global_colors_info=&#8221;{}&#8221; sticky_enabled=&#8221;0&#8243;][\/et_pb_button][et_pb_image src=&#8221;https:\/\/haapaniemenapteekki.fi\/wp-content\/uploads\/2026\/04\/Toukotarjoukset-SOME10.png&#8221; title_text=&#8221;Toukotarjoukset SOME10&#8243; show_in_lightbox=&#8221;on&#8221; align=&#8221;center&#8221; force_fullwidth=&#8221;on&#8221; _builder_version=&#8221;4.27.4&#8243; _module_preset=&#8221;default&#8221; custom_margin=&#8221;-16px||-10px||false|false&#8221; hover_enabled=&#8221;0&#8243; box_shadow_style=&#8221;preset1&#8243; global_colors_info=&#8221;{}&#8221; sticky_enabled=&#8221;0&#8243;][\/et_pb_image][\/et_pb_column][\/et_pb_row][et_pb_row _builder_version=&#8221;4.27.4&#8243; _module_preset=&#8221;default&#8221; global_colors_info=&#8221;{}&#8221;][et_pb_column type=&#8221;4_4&#8243; _builder_version=&#8221;4.27.4&#8243; _module_preset=&#8221;default&#8221; global_colors_info=&#8221;{}&#8221;][et_pb_image src=&#8221;https:\/\/haapaniemenapteekki.fi\/wp-content\/uploads\/2026\/03\/Partnerilmoitusten-alapalkit-apteekki-210&#215;20-102021-tulostus.jpg&#8221; title_text=&#8221;Bonusta ei saa resepti- ja itsehoitol\u00e4\u00e4kkeist\u00e4 eik\u00e4 verkkokauppaostoista.&#8221; _builder_version=&#8221;4.27.4&#8243; _module_preset=&#8221;default&#8221; global_colors_info=&#8221;{}&#8221;][\/et_pb_image][\/et_pb_column][\/et_pb_row][\/et_pb_section]<\/p>\n","protected":false},"excerpt":{"rendered":"<p>Asiantuntevaa, ihmisl\u00e4heist\u00e4 ja nopeaa palveluaValikoimiimme kuuluu mm. ACO, Av\u00e8ne, CeraVe, Favora, La Roche-Posay ja VichyHaapaniemen apteekki Ykk\u00f6srastillaTasavallankatu 26, 70620 KuopioApteekkimme palveleeArkisin klo 9-19Lauantaisin klo 9-17Sunnuntaisin suljettu PoikkeusaukioloajatVappup\u00e4iv\u00e4 1.5. suljettuHelatorstai 14.5. suljettu YHTEYSTIEDOT Apteekkimme palvelee Kuopion Haapaniemell\u00e4 osoitteessa Tasavallankatu 26, S-Market Ykk\u00f6srastin tiloissa. Apteekin vieress\u00e4 on runsaasti ilmaista pys\u00e4k\u00f6intitilaa. K\u00e4ynti apteekkiin Ykk\u00f6srastin p\u00e4\u00e4ovien kautta. Haapaniemen Apteekki [&hellip;]<\/p>\n","protected":false},"author":1,"featured_media":0,"parent":0,"menu_order":0,"comment_status":"closed","ping_status":"closed","template":"","meta":{"_et_pb_use_builder":"on","_et_pb_old_content":"","_et_gb_content_width":"","footnotes":""},"class_list":["post-12","page","type-page","status-publish","hentry"],"_links":{"self":[{"href":"https:\/\/haapaniemenapteekki.fi\/index.php?rest_route=\/wp\/v2\/pages\/12","targetHints":{"allow":["GET"]}}],"collection":[{"href":"https:\/\/haapaniemenapteekki.fi\/index.php?rest_route=\/wp\/v2\/pages"}],"about":[{"href":"https:\/\/haapaniemenapteekki.fi\/index.php?rest_route=\/wp\/v2\/types\/page"}],"author":[{"embeddable":true,"href":"https:\/\/haapaniemenapteekki.fi\/index.php?rest_route=\/wp\/v2\/users\/1"}],"replies":[{"embeddable":true,"href":"https:\/\/haapaniemenapteekki.fi\/index.php?rest_route=%2Fwp%2Fv2%2Fcomments&post=12"}],"version-history":[{"count":130,"href":"https:\/\/haapaniemenapteekki.fi\/index.php?rest_route=\/wp\/v2\/pages\/12\/revisions"}],"predecessor-version":[{"id":531,"href":"https:\/\/haapaniemenapteekki.fi\/index.php?rest_route=\/wp\/v2\/pages\/12\/revisions\/531"}],"wp:attachment":[{"href":"https:\/\/haapaniemenapteekki.fi\/index.php?rest_route=%2Fwp%2Fv2%2Fmedia&parent=12"}],"curies":[{"name":"wp","href":"https:\/\/api.w.org\/{rel}","templated":true}]}}